{"id":430,"date":"2017-01-18T20:00:46","date_gmt":"2017-01-18T20:00:46","guid":{"rendered":"https:\/\/www.psmtekstil.com\/anasayfa\/"},"modified":"2021-08-25T18:25:10","modified_gmt":"2021-08-25T15:25:10","slug":"anasayfa","status":"publish","type":"page","link":"https:\/\/www.psmtekstil.com\/en\/","title":{"rendered":"Home"},"content":{"rendered":"<div class=\"wpb-content-wrapper\"><p>[vc_row wrap_container=&#8221;yes&#8221; el_class=&#8221;custom-position-1 custom-call-to-action&#8221; css=&#8221;.vc_custom_1545454999426{padding-bottom: 20px !important;}&#8221;][vc_column width=&#8221;1\/2&#8243; offset=&#8221;vc_col-lg-8 vc_col-md-8 vc_col-xs-12&#8243; css=&#8221;.vc_custom_1485532153214{padding-left: 30px !important;}&#8221;][vc_custom_heading text=&#8221;PSM Textile&#8221; font_container=&#8221;tag:h2|font_size:25|text_align:left|color:%23ffffff|line_height:23px&#8221; use_theme_fonts=&#8221;yes&#8221; el_class=&#8221;custom-hyphen&#8221; css=&#8221;.vc_custom_1629901553036{margin-top: 1px !important;margin-bottom: 3px !important;padding-left: 21px !important;}&#8221;][vc_custom_heading text=&#8221;Always one step ahead!&#8221; font_container=&#8221;tag:h2|text_align:left|color:%23ffffff|line_height:37px&#8221; use_theme_fonts=&#8221;yes&#8221; css=&#8221;.vc_custom_1629901570228{margin-bottom: 0px !important;}&#8221;][vc_column_text el_class=&#8221;m-b-sm&#8221;]We are proud to be your innovative solution partner in the textile industr[\/vc_column_text][\/vc_column][vc_column width=&#8221;1\/4&#8243; offset=&#8221;vc_col-lg-2 vc_col-md-2 vc_col-xs-12&#8243; el_class=&#8221;m-t-md ml-5-min-992&#8243;][vc_column_text css=&#8221;.vc_custom_1629901594677{border-left-width: 2px !important;padding-left: 10px !important;border-left-color: #4dbb6d !important;border-left-style: solid !important;}&#8221; el_class=&#8221;custom-line-height-23&#8243;]<a class=\"text-decoration-none\" style=\"line-height: 20px;\" href=\"tel:+903223463940\">Call us <span class=\"action-info d-block text-color-light\">322 346 3940<\/span><\/a>[\/vc_column_text][\/vc_column][vc_column width=&#8221;1\/4&#8243; offset=&#8221;vc_col-lg-2 vc_col-md-2 vc_col-xs-12&#8243; el_class=&#8221;m-t-md ml-5-min-992&#8243;][vc_column_text css=&#8221;.vc_custom_1629901612326{border-left-width: 2px !important;padding-left: 10px !important;border-left-color: #4dbb6d !important;border-left-style: solid !important;}&#8221; el_class=&#8221;custom-line-height-22&#8243;]<a class=\"text-decoration-none\" href=\"mail:info@psmtekstil.com\">E-Mail <span class=\"action-info d-block text-color-light\">info@psmtekstil.com<\/span><\/a>[\/vc_column_text][\/vc_column][\/vc_row][vc_row wrap_container=&#8221;yes&#8221; css=&#8221;.vc_custom_1528969702599{margin-top: 15px !important;margin-bottom: 40px !important;padding-top: 60px !important;}&#8221;][vc_column width=&#8221;1\/2&#8243;][vc_custom_heading text=&#8221;- PSM Textile&#8221; font_container=&#8221;tag:h2|text_align:left|line_height:42px&#8221; use_theme_fonts=&#8221;yes&#8221; el_class=&#8221;font-weight-bold&#8221; css=&#8221;.vc_custom_1629901695933{margin-bottom: 15px !important;}&#8221;][vc_column_text css=&#8221;.vc_custom_1629901860257{margin-bottom: 20px !important;padding-left: 20px !important;}&#8221;]As PSM textile we are confident that independence will strengthen the growth. We combine the concept of global fashion with reasonable prices, fast service and short term times to ensure customer satisfaction and therefore continue to proceed with confident steps towards becoming one of the permanent members of the international market.[\/vc_column_text][vc_btn title=&#8221;Read More&#8221; style=&#8221;outline&#8221; shape=&#8221;round&#8221; color=&#8221;default&#8221; size=&#8221;lg&#8221; skin=&#8221;primary&#8221; scale=&#8221;scale-2&#8243; css=&#8221;.vc_custom_1629902159361{margin-top: 15px !important;padding-left: 15px !important;}&#8221; el_class=&#8221;font-weight-bold&#8221; link=&#8221;url:https%3A%2F%2Fwww.psmtekstil.com%2Fen%2Fabout-us%2F|title:About%20Us&#8221;][\/vc_column][vc_column width=&#8221;1\/2&#8243; el_class=&#8221;custom-counters-column&#8221; css=&#8221;.vc_custom_1484904385121{margin-top: 35px !important;}&#8221;][vc_row_inner][vc_column_inner width=&#8221;1\/2&#8243; css=&#8221;.vc_custom_1485263686475{padding-top: 30px !important;padding-right: 30px !important;padding-left: 60px !important;background-color: #ffffff !important;}&#8221;]<div class=\"stats-block stats-left   wpb_custom_a517333ace5b1666c6af8bd4684f1de9\"><div class=\"porto-sicon-left\"><div class=\"porto-just-icon-wrapper porto-sicon-img  porto-icon-739599a1f586473197e4d01c03c680cb\" style=\"font-size: 30px;\"><img decoding=\"async\" class=\"img-icon\" alt=\"\" src=\"https:\/\/www.psmtekstil.com\/wp-content\/uploads\/2017\/01\/icon-1.png\" width=\"30\" height=\"30\" \/><\/div><\/div><div class=\"stats-desc\"><div id=\"counter_11525991669e36f79a3f9e\" data-id=\"counter_11525991669e36f79a3f9e\" class=\"stats-number\" style=\" font-size:45px;color:#4dbb6d;\" data-speed=\"3\" data-counter-value=\"10\" data-separator=\",\" data-decimal=\".\">0<\/div><div class=\"counter_suffix mycust\" style=\" font-size:45px;color:#4dbb6d\">+<\/div><div class=\"stats-text\" style=\"color:#1e1e24;\">Years of Experience<\/div><\/div><\/div>[\/vc_column_inner][vc_column_inner width=&#8221;1\/2&#8243; css=&#8221;.vc_custom_1484901463613{border-left-width: 1px !important;padding-top: 30px !important;padding-right: 30px !important;padding-left: 30px !important;border-left-color: #dadada !important;border-left-style: solid !important;}&#8221;]<div class=\"stats-block stats-left   wpb_custom_a517333ace5b1666c6af8bd4684f1de9\"><div class=\"porto-sicon-left\"><div class=\"porto-just-icon-wrapper porto-icon none\" style=\"color:#333333;font-size:32px;\"><i class=\"Simple-Line-Icons-location-pin\"><\/i><\/div><\/div><div class=\"stats-desc\"><div id=\"counter_202357623569e36f79a4180\" data-id=\"counter_202357623569e36f79a4180\" class=\"stats-number\" style=\" font-size:45px;color:#4dbb6d;\" data-speed=\"3\" data-counter-value=\"5000\" data-separator=\"none\" data-decimal=\".\">0<\/div><div class=\"counter_suffix mycust\" style=\" font-size:45px;color:#4dbb6d\">+<\/div><div class=\"stats-text\" style=\"color:#1e1e24;\">M2 Area<\/div><\/div><\/div>[\/vc_column_inner][\/vc_row_inner][vc_row_inner css=&#8221;.vc_custom_1484901812976{border-top-width: 1px !important;border-top-color: #dadada !important;border-top-style: solid !important;}&#8221;][vc_column_inner width=&#8221;1\/2&#8243; css=&#8221;.vc_custom_1484901956433{padding-top: 30px !important;padding-right: 30px !important;padding-left: 60px !important;}&#8221;]<div class=\"stats-block stats-left   wpb_custom_a517333ace5b1666c6af8bd4684f1de9\"><div class=\"porto-sicon-left\"><div class=\"porto-just-icon-wrapper porto-icon none\" style=\"color:#333333;font-size:32px;\"><i class=\"Simple-Line-Icons-plane\"><\/i><\/div><\/div><div class=\"stats-desc\"><div id=\"counter_141755205969e36f79a42dd\" data-id=\"counter_141755205969e36f79a42dd\" class=\"stats-number\" style=\" font-size:45px;color:#4dbb6d;\" data-speed=\"3\" data-counter-value=\"5\" data-separator=\",\" data-decimal=\".\">0<\/div><div class=\"counter_suffix mycust\" style=\" font-size:45px;color:#4dbb6d\">+<\/div><div class=\"stats-text\" style=\"color:#1e1e24;\">Export to Country<\/div><\/div><\/div>[\/vc_column_inner][vc_column_inner width=&#8221;1\/2&#8243; css=&#8221;.vc_custom_1484902254004{border-left-width: 1px !important;padding-top: 30px !important;padding-right: 30px !important;padding-left: 30px !important;background-color: #ffffff !important;border-left-color: #dadada !important;border-left-style: solid !important;}&#8221;]<div class=\"stats-block stats-left   wpb_custom_a517333ace5b1666c6af8bd4684f1de9\"><div class=\"porto-sicon-left\"><div class=\"porto-just-icon-wrapper porto-icon none\" style=\"color:#333333;font-size:32px;\"><i class=\"Simple-Line-Icons-users\"><\/i><\/div><\/div><div class=\"stats-desc\"><div id=\"counter_212146461369e36f79a444f\" data-id=\"counter_212146461369e36f79a444f\" class=\"stats-number\" style=\" font-size:45px;color:#4dbb6d;\" data-speed=\"3\" data-counter-value=\"430\" data-separator=\",\" data-decimal=\".\">0<\/div><div class=\"counter_suffix mycust\" style=\" font-size:45px;color:#4dbb6d\">+<\/div><div class=\"stats-text\" style=\"color:#1e1e24;\">Employment<\/div><\/div><\/div>[\/vc_column_inner][\/vc_row_inner][\/vc_column][\/vc_row][vc_row][vc_column width=&#8221;1\/2&#8243;][vc_single_image image=&#8221;427&#8243; img_size=&#8221;large&#8221;][\/vc_column][vc_column width=&#8221;1\/2&#8243;][vc_column_text]<video src=\"https:\/\/www.psmtekstil.com\/psm-tanitim-filmi.mp4\" controls=\"controls\" width=\"630\" height=\"355\"><\/video>[\/vc_column_text][\/vc_column][\/vc_row][vc_row wrap_container=&#8221;yes&#8221; is_section=&#8221;yes&#8221; remove_margin_top=&#8221;yes&#8221; remove_margin_bottom=&#8221;yes&#8221; remove_border=&#8221;yes&#8221; el_class=&#8221;custom-info-box&#8221; css=&#8221;.vc_custom_1528969716164{padding-top: 60px !important;padding-bottom: 30px !important;background-color: #eef4f2 !important;}&#8221;][vc_column width=&#8221;1\/3&#8243;][vc_custom_heading text=&#8221;Marketing Department&#8221; font_container=&#8221;tag:h3|text_align:left&#8221; google_fonts=&#8221;font_family:Open%20Sans%3A300%2C300italic%2Cregular%2Citalic%2C600%2C600italic%2C700%2C700italic%2C800%2C800italic|font_style:400%20regular%3A400%3Anormal&#8221;][vc_column_text]Mahmut PEKTA\u015e : mahmut@psmtekstil.com[\/vc_column_text][\/vc_column][vc_column width=&#8221;1\/3&#8243;][vc_custom_heading text=&#8221;Marketing Department&#8221; font_container=&#8221;tag:h3|text_align:left&#8221; google_fonts=&#8221;font_family:Open%20Sans%3A300%2C300italic%2Cregular%2Citalic%2C600%2C600italic%2C700%2C700italic%2C800%2C800italic|font_style:400%20regular%3A400%3Anormal&#8221;][vc_column_text]Muharrem PEKTA\u015e : m.pektas@psmtekstil.com[\/vc_column_text][\/vc_column][vc_column width=&#8221;1\/3&#8243;][vc_custom_heading text=&#8221;Accounting Department&#8221; font_container=&#8221;tag:h3|text_align:left&#8221; google_fonts=&#8221;font_family:Open%20Sans%3A300%2C300italic%2Cregular%2Citalic%2C600%2C600italic%2C700%2C700italic%2C800%2C800italic|font_style:400%20regular%3A400%3Anormal&#8221;][vc_column_text]Ru\u015fen T\u00dcRKO\u011eLU : rusen@psmtekstil.com[\/vc_column_text][\/vc_column][\/vc_row]<\/p>\n<\/div>","protected":false},"excerpt":{"rendered":"<p>[vc_row wrap_container=&#8221;yes&#8221; el_class=&#8221;custom-position-1 custom-call-to-action&#8221; css=&#8221;.vc_custom_1545454999426{padding-bottom: 20px !important;}&#8221;][vc_column width=&#8221;1\/2&#8243; offset=&#8221;vc_col-lg-8 vc_col-md-8 vc_col-xs-12&#8243; css=&#8221;.vc_custom_1485532153214{padding-left: 30px !important;}&#8221;][vc_custom_heading text=&#8221;PSM Textile&#8221; font_container=&#8221;tag:h2|font_size:25|text_align:left|color:%23ffffff|line_height:23px&#8221; use_theme_fonts=&#8221;yes&#8221; el_class=&#8221;custom-hyphen&#8221; css=&#8221;.vc_custom_1629901553036{margin-top: 1px !important;margin-bottom: 3px !important;padding-left: 21px !important;}&#8221;][vc_custom_heading text=&#8221;Always one step ahead!&#8221; font_container=&#8221;tag:h2|text_align:left|color:%23ffffff|line_height:37px&#8221; use_theme_fonts=&#8221;yes&#8221; css=&#8221;.vc_custom_1629901570228{margin-bottom: 0px !important;}&#8221;][vc_column_text el_class=&#8221;m-b-sm&#8221;]We are proud to be your innovative solution partner in the textile industr[\/vc_column_text][\/vc_column][vc_column width=&#8221;1\/4&#8243; offset=&#8221;vc_col-lg-2 vc_col-md-2 vc_col-xs-12&#8243; el_class=&#8221;m-t-md ml-5-min-992&#8243;][vc_column_text css=&#8221;.vc_custom_1629901594677{border-left-width: [&hellip;]<\/p>\n","protected":false},"author":1,"featured_media":0,"parent":0,"menu_order":0,"comment_status":"closed","ping_status":"closed","template":"","meta":{"footnotes":""},"class_list":["post-430","page","type-page","status-publish","hentry"],"_links":{"self":[{"href":"https:\/\/www.psmtekstil.com\/en\/wp-json\/wp\/v2\/pages\/430","targetHints":{"allow":["GET"]}}],"collection":[{"href":"https:\/\/www.psmtekstil.com\/en\/wp-json\/wp\/v2\/pages"}],"about":[{"href":"https:\/\/www.psmtekstil.com\/en\/wp-json\/wp\/v2\/types\/page"}],"author":[{"embeddable":true,"href":"https:\/\/www.psmtekstil.com\/en\/wp-json\/wp\/v2\/users\/1"}],"replies":[{"embeddable":true,"href":"https:\/\/www.psmtekstil.com\/en\/wp-json\/wp\/v2\/comments?post=430"}],"version-history":[{"count":9,"href":"https:\/\/www.psmtekstil.com\/en\/wp-json\/wp\/v2\/pages\/430\/revisions"}],"predecessor-version":[{"id":491,"href":"https:\/\/www.psmtekstil.com\/en\/wp-json\/wp\/v2\/pages\/430\/revisions\/491"}],"wp:attachment":[{"href":"https:\/\/www.psmtekstil.com\/en\/wp-json\/wp\/v2\/media?parent=430"}],"curies":[{"name":"wp","href":"https:\/\/api.w.org\/{rel}","templated":true}]}}